{"id":347,"date":"2022-01-27T15:49:48","date_gmt":"2022-01-27T14:49:48","guid":{"rendered":"http:\/\/pga2s.com\/?page_id=347"},"modified":"2022-01-27T15:52:07","modified_gmt":"2022-01-27T14:52:07","slug":"la-preparation-mentale","status":"publish","type":"page","link":"https:\/\/pga2s.com\/index.php\/cours\/la-preparation-mentale\/","title":{"rendered":"La pr\u00e9paration mentale"},"content":{"rendered":"\n<p class=\"has-white-color has-text-color\">Le golf est un jeu qui se joue plus dans la t\u00eate que dans les muscles, et  le meilleur joueur n&#8217;est pas celui qui tape le mieux mais celui qui est le plus r\u00e9gulier. <\/p>\n\n\n\n<p class=\"has-white-color has-text-color\">Quand nous sommes conscients de ces 2 notions, nous n&#8217;avons plus le choix . il faut \u00eatre pr\u00eat mentalement pour chaque coup de golf \u00e0 jouer.<\/p>\n\n\n\n<p class=\"has-white-color has-text-color\"> Les champions et championnes  que vous suivez sur les diff\u00e9rents circuits, sont tous et toutes aid\u00e9s par des &#8220;coachs mental&#8221;. Sans eux , beaucoup de ces athl\u00e8tes n&#8217;en seraient pas l\u00e0. <\/p>\n\n\n\n<p class=\"has-white-color has-text-color\">Alors si vous aussi , vous cherchez \u00e0 progresser en r\u00e9gularit\u00e9, \u00e0 mieux g\u00e9rer certains moments sur le parcours.  vous pouvez avoir acc\u00e8s aux m\u00eames outils que des athletes de haut niveau. <\/p>\n\n\n\n<p class=\"has-white-color has-text-color\">N&#8217;hesitez pas \u00e0 me contacter <\/p>\n\n\n\n<p><\/p>\n\n\n\n<figure class=\"wp-block-image size-large\"><img fetchpriority=\"high\" decoding=\"async\" width=\"1024\" height=\"721\" src=\"http:\/\/pga2s.com\/wp-content\/uploads\/2022\/01\/prepa-mentale-rotated-e1643294711422-1024x721.jpg\" alt=\"\" class=\"wp-image-349\" srcset=\"https:\/\/pga2s.com\/wp-content\/uploads\/2022\/01\/prepa-mentale-rotated-e1643294711422-1024x721.jpg 1024w, https:\/\/pga2s.com\/wp-content\/uploads\/2022\/01\/prepa-mentale-rotated-e1643294711422-300x211.jpg 300w, https:\/\/pga2s.com\/wp-content\/uploads\/2022\/01\/prepa-mentale-rotated-e1643294711422-768x541.jpg 768w, https:\/\/pga2s.com\/wp-content\/uploads\/2022\/01\/prepa-mentale-rotated-e1643294711422-1536x1082.jpg 1536w, https:\/\/pga2s.com\/wp-content\/uploads\/2022\/01\/prepa-mentale-rotated-e1643294711422.jpg 1945w\" sizes=\"(max-width: 1024px) 100vw, 1024px\" \/><\/figure>\n\n\n\n<p> <\/p>\n","protected":false},"excerpt":{"rendered":"<p>Le golf est un jeu qui se joue plus dans la t\u00eate que dans les muscles, et le meilleur joueur n&#8217;est pas celui qui tape le mieux mais celui qui est le plus r\u00e9gulier. Quand nous sommes conscients de ces 2 notions, nous n&#8217;avons plus le choix . il faut [&hellip;]<\/p>\n","protected":false},"author":1,"featured_media":0,"parent":107,"menu_order":1,"comment_status":"closed","ping_status":"closed","template":"","meta":{"_themeisle_gutenberg_block_has_review":false,"footnotes":""},"class_list":["post-347","page","type-page","status-publish","hentry"],"_links":{"self":[{"href":"https:\/\/pga2s.com\/index.php\/wp-json\/wp\/v2\/pages\/347","targetHints":{"allow":["GET"]}}],"collection":[{"href":"https:\/\/pga2s.com\/index.php\/wp-json\/wp\/v2\/pages"}],"about":[{"href":"https:\/\/pga2s.com\/index.php\/wp-json\/wp\/v2\/types\/page"}],"author":[{"embeddable":true,"href":"https:\/\/pga2s.com\/index.php\/wp-json\/wp\/v2\/users\/1"}],"replies":[{"embeddable":true,"href":"https:\/\/pga2s.com\/index.php\/wp-json\/wp\/v2\/comments?post=347"}],"version-history":[{"count":4,"href":"https:\/\/pga2s.com\/index.php\/wp-json\/wp\/v2\/pages\/347\/revisions"}],"predecessor-version":[{"id":353,"href":"https:\/\/pga2s.com\/index.php\/wp-json\/wp\/v2\/pages\/347\/revisions\/353"}],"up":[{"embeddable":true,"href":"https:\/\/pga2s.com\/index.php\/wp-json\/wp\/v2\/pages\/107"}],"wp:attachment":[{"href":"https:\/\/pga2s.com\/index.php\/wp-json\/wp\/v2\/media?parent=347"}],"curies":[{"name":"wp","href":"https:\/\/api.w.org\/{rel}","templated":true}]}}