{"id":210,"date":"2020-03-25T16:11:45","date_gmt":"2020-03-25T15:11:45","guid":{"rendered":"https:\/\/pga2s.com\/?page_id=210"},"modified":"2020-04-02T10:41:22","modified_gmt":"2020-04-02T08:41:22","slug":"ecole-de-golf","status":"publish","type":"page","link":"https:\/\/pga2s.com\/index.php\/ecole-de-golf\/","title":{"rendered":"\u00c9cole de golf"},"content":{"rendered":"<p><img fetchpriority=\"high\" decoding=\"async\" width=\"2560\" height=\"1920\" class=\"size-full wp-image-213\" src=\"https:\/\/pga2s.com\/wp-content\/uploads\/2020\/03\/img_7090-scaled.jpg\" srcset=\"https:\/\/pga2s.com\/wp-content\/uploads\/2020\/03\/img_7090-scaled.jpg 2560w, https:\/\/pga2s.com\/wp-content\/uploads\/2020\/03\/img_7090-300x225.jpg 300w, https:\/\/pga2s.com\/wp-content\/uploads\/2020\/03\/img_7090-1024x768.jpg 1024w, https:\/\/pga2s.com\/wp-content\/uploads\/2020\/03\/img_7090-768x576.jpg 768w, https:\/\/pga2s.com\/wp-content\/uploads\/2020\/03\/img_7090-1536x1152.jpg 1536w, https:\/\/pga2s.com\/wp-content\/uploads\/2020\/03\/img_7090-2048x1536.jpg 2048w, https:\/\/pga2s.com\/wp-content\/uploads\/2020\/03\/img_7090-1200x900.jpg 1200w\" sizes=\"(max-width: 2560px) 100vw, 2560px\" \/><\/p>\n\n\n<p>l&#8217;\u00e9cole de golf , c&#8217;est pour les jeunes de 4 \u00e0 17 ans <\/p>\n\n\n\n<div class=\"wp-block-columns is-layout-flex wp-container-core-columns-is-layout-28f84493 wp-block-columns-is-layout-flex\">\n<div class=\"wp-block-column is-layout-flow wp-block-column-is-layout-flow\" style=\"flex-basis:33.33%\">\n<div class=\"wp-block-button\"><a class=\"wp-block-button__link\" href=\"http:\/\/pga2s.com\/index.php\/ecole-de-golf\/tout-pour-les-enfants\/\">Vid\u00e9o<br><\/a><\/div>\n<\/div>\n\n\n\n<div class=\"wp-block-column is-layout-flow wp-block-column-is-layout-flow\" style=\"flex-basis:66.66%\">\n<p>Fais-en de m\u00eame.<\/p>\n\n\n\n<p><\/p>\n<\/div>\n<\/div>\n\n\n\n<p>L&#8217;\u00e9cole de golf a lieu le mercredi apr\u00e8s midi et le samedi matin. le parcours est r\u00e9serv\u00e9 aux enfants le mercredi.<\/p>\n\n\n\n<p>Aid\u00e9 par plusieurs membres du club, l&#8217;objectif de l&#8217;\u00e9cole est double : une partie loisir et une autre comp\u00e9tition.<\/p>\n\n\n\n<p class=\"has-text-color has-text-align-center has-large-font-size has-very-light-gray-color\"><strong>concours de putt\/bowling<\/strong><\/p>\n\n\n\n<figure class=\"wp-block-table\"><table class=\"\"><tbody><tr><td class=\"has-text-align-center\" data-align=\"center\">joueur<\/td><td class=\"has-text-align-center\" data-align=\"center\">score<\/td><\/tr><tr><td class=\"has-text-align-center\" data-align=\"center\">Julia<\/td><td class=\"has-text-align-center\" data-align=\"center\">26<\/td><\/tr><tr><td class=\"has-text-align-center\" data-align=\"center\">Gabriel<\/td><td class=\"has-text-align-center\" data-align=\"center\">28<\/td><\/tr><tr><td class=\"has-text-align-center\" data-align=\"center\">Baptiste<\/td><td class=\"has-text-align-center\" data-align=\"center\">40<\/td><\/tr><tr><td class=\"has-text-align-center\" data-align=\"center\">Achille<\/td><td class=\"has-text-align-center\" data-align=\"center\">100<\/td><\/tr><\/tbody><\/table><\/figure>\n\n\n\n<p><\/p>\n","protected":false},"excerpt":{"rendered":"<p>l&#8217;\u00e9cole de golf , c&#8217;est pour les jeunes de 4 \u00e0 17 ans Fais-en de m\u00eame. L&#8217;\u00e9cole de golf a lieu le mercredi apr\u00e8s midi et le samedi matin. le parcours est r\u00e9serv\u00e9 aux enfants le mercredi. Aid\u00e9 par plusieurs membres du club, l&#8217;objectif de l&#8217;\u00e9cole est double : une [&hellip;]<\/p>\n","protected":false},"author":1,"featured_media":0,"parent":0,"menu_order":0,"comment_status":"closed","ping_status":"closed","template":"","meta":{"_themeisle_gutenberg_block_has_review":false,"footnotes":""},"class_list":["post-210","page","type-page","status-publish","hentry"],"_links":{"self":[{"href":"https:\/\/pga2s.com\/index.php\/wp-json\/wp\/v2\/pages\/210","targetHints":{"allow":["GET"]}}],"collection":[{"href":"https:\/\/pga2s.com\/index.php\/wp-json\/wp\/v2\/pages"}],"about":[{"href":"https:\/\/pga2s.com\/index.php\/wp-json\/wp\/v2\/types\/page"}],"author":[{"embeddable":true,"href":"https:\/\/pga2s.com\/index.php\/wp-json\/wp\/v2\/users\/1"}],"replies":[{"embeddable":true,"href":"https:\/\/pga2s.com\/index.php\/wp-json\/wp\/v2\/comments?post=210"}],"version-history":[{"count":14,"href":"https:\/\/pga2s.com\/index.php\/wp-json\/wp\/v2\/pages\/210\/revisions"}],"predecessor-version":[{"id":289,"href":"https:\/\/pga2s.com\/index.php\/wp-json\/wp\/v2\/pages\/210\/revisions\/289"}],"wp:attachment":[{"href":"https:\/\/pga2s.com\/index.php\/wp-json\/wp\/v2\/media?parent=210"}],"curies":[{"name":"wp","href":"https:\/\/api.w.org\/{rel}","templated":true}]}}